{"id":359,"date":"2018-02-24T21:25:31","date_gmt":"2018-02-24T21:25:31","guid":{"rendered":"http:\/\/aikidoiwamapanama.com\/?page_id=359"},"modified":"2025-09-06T12:02:27","modified_gmt":"2025-09-06T12:02:27","slug":"aikido","status":"publish","type":"page","link":"http:\/\/aikidoiwamapanama.com\/?page_id=359","title":{"rendered":"O&#8217;Sensei"},"content":{"rendered":"<h2><img loading=\"lazy\" decoding=\"async\" class=\"alignleft size-full wp-image-360\" src=\"http:\/\/aikidoiwamapanama.com\/wp-content\/uploads\/2018\/02\/o_sensei.jpg\" alt=\"\" width=\"229\" height=\"281\" \/><strong>O\u00b4 Sensei<\/strong><\/h2>\n<p>Morihei Ueshiba (1883-1969), el fundador del Aikido, se le conoce como O\u2019Sensei. La palabra japonesa Sensei significa maestro, y O\u00b4 es un agregado que significa gran honor y respeto. Todo junto el significado de O\u2019Sensei significa \u201cGran Maestro\u201d.<\/p>\n<p>O\u00b4 Sensei (Morihei Ueshiba)\u00a0naci\u00f3 en el a\u00f1o de 1883 en Tanabe, Jap\u00f3n, una peque\u00f1a villa pesquera con algunas familias granjeras. Empez\u00f3 su estudio de artes marciales a muy temprana edad, y a medida que los a\u00f1os avanzaron, se convirti\u00f3 en un maestro reconocido. Fue mucho m\u00e1s tarde en su vida, cuando en un encuentro con varios atacantes a los que esquiv\u00f3 f\u00e1cilmente, que tuvo una visi\u00f3n:<\/p>\n<p>\u201cGanar como el resultado de derrotar a otro no es ganar para nada.\u201d<br \/>\nMorihei Ueshiba cambi\u00f3 su forma de ver las artes marciales y en el a\u00f1o de 1942 comenz\u00f3 a llamar a su sistema Aikido, \u201cel camino de la armon\u00eda y el amor\u201d. O\u00b4 Sensei mantuvo un estilo de vida simple y sencillo, y su amor a la tierra se manifest\u00f3 en su granja, trabajando la agricultura. Amaba todos los aspectos de cultivar la tierra, preparaba el barbecho, agregaba abono a los campos y ayudaba a cosechar sus huertos. Hizo lo mismo con el Aikido.<\/p>\n<p>El Aikido ahora ha crecido por todo el mundo. O\u00b4 Sensei falleci\u00f3 el 26 de abril de 1969, pero su esp\u00edritu sigue vivo en todos los dojos del mundo, en la gente que practica el Aikido.<\/p>\n<p>Las siguientes son algunos fragmentos de la filosof\u00eda de O\u00b4 Sensei:<\/p>\n<p><strong>\u201cAikido es el esp\u00edritu de proteger todos los seres vivientes. Parado delante del enemigo, \u00e9l ataca, pero yo ya estoy detr\u00e1s de \u00e9l\u201d<\/strong><\/p>\n<p><strong>\u201cQuiero que la gente considerada escuche la voz del Aikido. No es para corregir a los dem\u00e1s; es para corregir tu propia mente. Eso es Aikido. Esa es la misi\u00f3n del Aikido y esa debiera ser tu misi\u00f3n\u201d<\/strong><\/p>\n","protected":false},"excerpt":{"rendered":"<p>O\u00b4 Sensei Morihei Ueshiba (1883-1969), el fundador del Aikido, se le conoce como O\u2019Sensei. La palabra japonesa Sensei significa maestro, y O\u00b4 es un agregado que significa gran honor y respeto. Todo junto el significado de O\u2019Sensei significa \u201cGran Maestro\u201d. O\u00b4 Sensei (Morihei Ueshiba)\u00a0naci\u00f3 en el a\u00f1o de 1883 en Tanabe, Jap\u00f3n, una peque\u00f1a villa [&hellip;]<\/p>\n","protected":false},"author":2,"featured_media":0,"parent":0,"menu_order":0,"comment_status":"closed","ping_status":"closed","template":"","meta":{"_regular_price":[],"currency_symbol":[],"footnotes":""},"class_list":["post-359","page","type-page","status-publish","hentry"],"post_slider_layout_featured_media_urls":{"thumbnail":"","post_slider_layout_landscape_large":"","post_slider_layout_portrait_large":"","post_slider_layout_square_large":"","post_slider_layout_landscape":"","post_slider_layout_portrait":"","post_slider_layout_square":"","full":""},"_links":{"self":[{"href":"http:\/\/aikidoiwamapanama.com\/index.php?rest_route=\/wp\/v2\/pages\/359","targetHints":{"allow":["GET"]}}],"collection":[{"href":"http:\/\/aikidoiwamapanama.com\/index.php?rest_route=\/wp\/v2\/pages"}],"about":[{"href":"http:\/\/aikidoiwamapanama.com\/index.php?rest_route=\/wp\/v2\/types\/page"}],"author":[{"embeddable":true,"href":"http:\/\/aikidoiwamapanama.com\/index.php?rest_route=\/wp\/v2\/users\/2"}],"replies":[{"embeddable":true,"href":"http:\/\/aikidoiwamapanama.com\/index.php?rest_route=%2Fwp%2Fv2%2Fcomments&post=359"}],"version-history":[{"count":3,"href":"http:\/\/aikidoiwamapanama.com\/index.php?rest_route=\/wp\/v2\/pages\/359\/revisions"}],"predecessor-version":[{"id":888,"href":"http:\/\/aikidoiwamapanama.com\/index.php?rest_route=\/wp\/v2\/pages\/359\/revisions\/888"}],"wp:attachment":[{"href":"http:\/\/aikidoiwamapanama.com\/index.php?rest_route=%2Fwp%2Fv2%2Fmedia&parent=359"}],"curies":[{"name":"wp","href":"https:\/\/api.w.org\/{rel}","templated":true}]}}