{"id":176,"date":"2016-08-19T05:26:37","date_gmt":"2016-08-19T05:26:37","guid":{"rendered":"http:\/\/aikidoiwamapanama.com\/?page_id=176"},"modified":"2025-09-06T17:29:24","modified_gmt":"2025-09-06T17:29:24","slug":"fotos","status":"publish","type":"page","link":"https:\/\/aikidoiwamapanama.com\/?page_id=176","title":{"rendered":"Galer\u00eda"},"content":{"rendered":"<figure id=\"attachment_453\" aria-describedby=\"caption-attachment-453\" style=\"width: 300px\" class=\"wp-caption aligncenter\"><img loading=\"lazy\" decoding=\"async\" class=\"wp-image-453 size-medium\" src=\"http:\/\/aikidoiwamapanama.com\/wp-content\/uploads\/2018\/04\/b2201949-c446-420c-8850-da8665a2590c-2-300x225.jpg\" alt=\"\" width=\"300\" height=\"225\" \/><figcaption id=\"caption-attachment-453\" class=\"wp-caption-text\">Embukai (Demostraci\u00f3n) para la Embajada del Jap\u00f3n, Panam\u00e1, marzo 2018<\/figcaption><\/figure>\n<figure id=\"attachment_344\" aria-describedby=\"caption-attachment-344\" style=\"width: 300px\" class=\"wp-caption aligncenter\"><img loading=\"lazy\" decoding=\"async\" class=\"size-medium wp-image-344\" src=\"http:\/\/aikidoiwamapanama.com\/wp-content\/uploads\/2016\/08\/Seminario_enero-2017_1-300x169.jpg\" width=\"300\" height=\"169\" srcset=\"https:\/\/aikidoiwamapanama.com\/wp-content\/uploads\/2016\/08\/Seminario_enero-2017_1-300x169.jpg 300w, https:\/\/aikidoiwamapanama.com\/wp-content\/uploads\/2016\/08\/Seminario_enero-2017_1-600x338.jpg 600w, https:\/\/aikidoiwamapanama.com\/wp-content\/uploads\/2016\/08\/Seminario_enero-2017_1-768x432.jpg 768w, https:\/\/aikidoiwamapanama.com\/wp-content\/uploads\/2016\/08\/Seminario_enero-2017_1-619x348.jpg 619w, https:\/\/aikidoiwamapanama.com\/wp-content\/uploads\/2016\/08\/Seminario_enero-2017_1.jpg 960w\" sizes=\"auto, (max-width: 300px) 100vw, 300px\" \/><figcaption id=\"caption-attachment-344\" class=\"wp-caption-text\">Seminario con Alberto Villarroel (4to dan Iwama Ryu), 19 al 22 enero 2017<\/figcaption><\/figure>\n<figure id=\"attachment_345\" aria-describedby=\"caption-attachment-345\" style=\"width: 300px\" class=\"wp-caption aligncenter\"><img loading=\"lazy\" decoding=\"async\" class=\"size-medium wp-image-345\" src=\"http:\/\/aikidoiwamapanama.com\/wp-content\/uploads\/2016\/08\/Seminario_enero-2017_4-300x169.jpg\" alt=\"\" width=\"300\" height=\"169\" srcset=\"https:\/\/aikidoiwamapanama.com\/wp-content\/uploads\/2016\/08\/Seminario_enero-2017_4-300x169.jpg 300w, https:\/\/aikidoiwamapanama.com\/wp-content\/uploads\/2016\/08\/Seminario_enero-2017_4-600x338.jpg 600w, https:\/\/aikidoiwamapanama.com\/wp-content\/uploads\/2016\/08\/Seminario_enero-2017_4-768x432.jpg 768w, https:\/\/aikidoiwamapanama.com\/wp-content\/uploads\/2016\/08\/Seminario_enero-2017_4-619x348.jpg 619w, https:\/\/aikidoiwamapanama.com\/wp-content\/uploads\/2016\/08\/Seminario_enero-2017_4.jpg 960w\" sizes=\"auto, (max-width: 300px) 100vw, 300px\" \/><figcaption id=\"caption-attachment-345\" class=\"wp-caption-text\">Seminario con Alberto Villarroel (4to dan Iwama Ryu), 19 al 22 enero 2017 &#8211; CLASE ESPECIAL<\/figcaption><\/figure>\n<figure id=\"attachment_188\" aria-describedby=\"caption-attachment-188\" style=\"width: 300px\" class=\"wp-caption aligncenter\"><img loading=\"lazy\" decoding=\"async\" class=\"size-medium wp-image-188\" src=\"http:\/\/aikidoiwamapanama.com\/wp-content\/uploads\/2016\/08\/CIMG6754-1024x768-300x225.jpg\" alt=\"Enero 2013, Keiko Integrado, con maestro Alberto Villarroel\" width=\"300\" height=\"225\" srcset=\"https:\/\/aikidoiwamapanama.com\/wp-content\/uploads\/2016\/08\/CIMG6754-1024x768-300x225.jpg 300w, https:\/\/aikidoiwamapanama.com\/wp-content\/uploads\/2016\/08\/CIMG6754-1024x768-600x450.jpg 600w, https:\/\/aikidoiwamapanama.com\/wp-content\/uploads\/2016\/08\/CIMG6754-1024x768-768x576.jpg 768w, https:\/\/aikidoiwamapanama.com\/wp-content\/uploads\/2016\/08\/CIMG6754-1024x768.jpg 1024w, https:\/\/aikidoiwamapanama.com\/wp-content\/uploads\/2016\/08\/CIMG6754-1024x768-619x464.jpg 619w\" sizes=\"auto, (max-width: 300px) 100vw, 300px\" \/><figcaption id=\"caption-attachment-188\" class=\"wp-caption-text\">Enero 2013, Keiko Integrado, con maestro Alberto Villarroel<\/figcaption><\/figure>\n<figure id=\"attachment_187\" aria-describedby=\"caption-attachment-187\" style=\"width: 300px\" class=\"wp-caption aligncenter\"><a href=\"http:\/\/aikidoiwamapanama.com\"><img loading=\"lazy\" decoding=\"async\" class=\"size-medium wp-image-187\" src=\"http:\/\/aikidoiwamapanama.com\/wp-content\/uploads\/2016\/08\/foto2_seminario_Enero-2014-300x225.jpg\" alt=\"enero 2014, ciudad de Panam\u00e1, keiko Integrado con maestro Alberto Villarroel\" width=\"300\" height=\"225\" srcset=\"https:\/\/aikidoiwamapanama.com\/wp-content\/uploads\/2016\/08\/foto2_seminario_Enero-2014-300x225.jpg 300w, https:\/\/aikidoiwamapanama.com\/wp-content\/uploads\/2016\/08\/foto2_seminario_Enero-2014-600x450.jpg 600w, https:\/\/aikidoiwamapanama.com\/wp-content\/uploads\/2016\/08\/foto2_seminario_Enero-2014-768x576.jpg 768w, https:\/\/aikidoiwamapanama.com\/wp-content\/uploads\/2016\/08\/foto2_seminario_Enero-2014-1024x768.jpg 1024w, https:\/\/aikidoiwamapanama.com\/wp-content\/uploads\/2016\/08\/foto2_seminario_Enero-2014-619x464.jpg 619w, https:\/\/aikidoiwamapanama.com\/wp-content\/uploads\/2016\/08\/foto2_seminario_Enero-2014.jpg 1224w\" sizes=\"auto, (max-width: 300px) 100vw, 300px\" \/><\/a><figcaption id=\"caption-attachment-187\" class=\"wp-caption-text\">enero 2014, ciudad de Panam\u00e1, keiko Integrado con maestro Alberto Villarroel<\/figcaption><\/figure>\n<figure id=\"attachment_190\" aria-describedby=\"caption-attachment-190\" style=\"width: 300px\" class=\"wp-caption aligncenter\"><img loading=\"lazy\" decoding=\"async\" class=\"size-medium wp-image-190\" src=\"http:\/\/aikidoiwamapanama.com\/wp-content\/uploads\/2016\/08\/CIMG8332-1024x680-300x199.jpg\" alt=\"Demostraci\u00f3n en Cinta Costera, ciudad de panam\u00e1, octubre 2014\" width=\"300\" height=\"199\" srcset=\"https:\/\/aikidoiwamapanama.com\/wp-content\/uploads\/2016\/08\/CIMG8332-1024x680-300x199.jpg 300w, https:\/\/aikidoiwamapanama.com\/wp-content\/uploads\/2016\/08\/CIMG8332-1024x680-600x398.jpg 600w, https:\/\/aikidoiwamapanama.com\/wp-content\/uploads\/2016\/08\/CIMG8332-1024x680-768x510.jpg 768w, https:\/\/aikidoiwamapanama.com\/wp-content\/uploads\/2016\/08\/CIMG8332-1024x680.jpg 1024w, https:\/\/aikidoiwamapanama.com\/wp-content\/uploads\/2016\/08\/CIMG8332-1024x680-619x411.jpg 619w\" sizes=\"auto, (max-width: 300px) 100vw, 300px\" \/><figcaption id=\"caption-attachment-190\" class=\"wp-caption-text\">Demostraci\u00f3n en Cinta Costera, ciudad de panam\u00e1, octubre 2014<\/figcaption><\/figure>\n<figure id=\"attachment_184\" aria-describedby=\"caption-attachment-184\" style=\"width: 300px\" class=\"wp-caption aligncenter\"><img loading=\"lazy\" decoding=\"async\" class=\"size-medium wp-image-184\" src=\"http:\/\/aikidoiwamapanama.com\/wp-content\/uploads\/2016\/08\/keiko_interdojos_18-dic-2015-300x169.jpg\" alt=\"Keiko Interdojos, fin de A\u00f1o, diciembre 2015\" width=\"300\" height=\"169\" srcset=\"https:\/\/aikidoiwamapanama.com\/wp-content\/uploads\/2016\/08\/keiko_interdojos_18-dic-2015-300x169.jpg 300w, https:\/\/aikidoiwamapanama.com\/wp-content\/uploads\/2016\/08\/keiko_interdojos_18-dic-2015-600x338.jpg 600w, https:\/\/aikidoiwamapanama.com\/wp-content\/uploads\/2016\/08\/keiko_interdojos_18-dic-2015-768x432.jpg 768w, https:\/\/aikidoiwamapanama.com\/wp-content\/uploads\/2016\/08\/keiko_interdojos_18-dic-2015-619x348.jpg 619w, https:\/\/aikidoiwamapanama.com\/wp-content\/uploads\/2016\/08\/keiko_interdojos_18-dic-2015.jpg 960w\" sizes=\"auto, (max-width: 300px) 100vw, 300px\" \/><figcaption id=\"caption-attachment-184\" class=\"wp-caption-text\">Keiko Interdojos, fin de A\u00f1o, diciembre 2015<\/figcaption><\/figure>\n<figure id=\"attachment_189\" aria-describedby=\"caption-attachment-189\" style=\"width: 300px\" class=\"wp-caption aligncenter\"><img loading=\"lazy\" decoding=\"async\" class=\"size-medium wp-image-189\" src=\"http:\/\/aikidoiwamapanama.com\/wp-content\/uploads\/2016\/08\/IMG-20150322-WA0093-300x169.jpg\" alt=\"Demostraci\u00f3n para la Embajada del Jap\u00f3n, febrero 2016\" width=\"300\" height=\"169\" srcset=\"https:\/\/aikidoiwamapanama.com\/wp-content\/uploads\/2016\/08\/IMG-20150322-WA0093-300x169.jpg 300w, https:\/\/aikidoiwamapanama.com\/wp-content\/uploads\/2016\/08\/IMG-20150322-WA0093-600x338.jpg 600w, https:\/\/aikidoiwamapanama.com\/wp-content\/uploads\/2016\/08\/IMG-20150322-WA0093-768x432.jpg 768w, https:\/\/aikidoiwamapanama.com\/wp-content\/uploads\/2016\/08\/IMG-20150322-WA0093-1024x576.jpg 1024w, https:\/\/aikidoiwamapanama.com\/wp-content\/uploads\/2016\/08\/IMG-20150322-WA0093-619x348.jpg 619w, https:\/\/aikidoiwamapanama.com\/wp-content\/uploads\/2016\/08\/IMG-20150322-WA0093.jpg 1280w\" sizes=\"auto, (max-width: 300px) 100vw, 300px\" \/><figcaption id=\"caption-attachment-189\" class=\"wp-caption-text\">Demostraci\u00f3n para la Embajada del Jap\u00f3n, febrero 2016<\/figcaption><\/figure>\n<figure id=\"attachment_183\" aria-describedby=\"caption-attachment-183\" style=\"width: 300px\" class=\"wp-caption aligncenter\"><img loading=\"lazy\" decoding=\"async\" class=\"size-medium wp-image-183\" src=\"http:\/\/aikidoiwamapanama.com\/wp-content\/uploads\/2016\/08\/IMG_0293-300x225.jpg\" alt=\"Koshukai mayo 2016, con maestro Sergio Bengoa, ciudad de Panam\u00e1\" width=\"300\" height=\"225\" srcset=\"https:\/\/aikidoiwamapanama.com\/wp-content\/uploads\/2016\/08\/IMG_0293-300x225.jpg 300w, https:\/\/aikidoiwamapanama.com\/wp-content\/uploads\/2016\/08\/IMG_0293-600x450.jpg 600w, https:\/\/aikidoiwamapanama.com\/wp-content\/uploads\/2016\/08\/IMG_0293-619x464.jpg 619w, https:\/\/aikidoiwamapanama.com\/wp-content\/uploads\/2016\/08\/IMG_0293.jpg 640w\" sizes=\"auto, (max-width: 300px) 100vw, 300px\" \/><figcaption id=\"caption-attachment-183\" class=\"wp-caption-text\">Koshukai mayo 2016, con maestro Sergio Bengoa, ciudad de Panam\u00e1<\/figcaption><\/figure>\n","protected":false},"excerpt":{"rendered":"","protected":false},"author":2,"featured_media":24,"parent":0,"menu_order":0,"comment_status":"closed","ping_status":"closed","template":"","meta":{"_regular_price":[],"currency_symbol":[],"footnotes":""},"class_list":["post-176","page","type-page","status-publish","has-post-thumbnail","hentry"],"post_slider_layout_featured_media_urls":{"thumbnail":["https:\/\/aikidoiwamapanama.com\/wp-content\/uploads\/2016\/07\/cropped-CIMG5365-1024x768_-150x150.jpg",150,150,true],"post_slider_layout_landscape_large":["https:\/\/aikidoiwamapanama.com\/wp-content\/uploads\/2016\/07\/cropped-CIMG5365-1024x768_.jpg",1015,247,false],"post_slider_layout_portrait_large":["https:\/\/aikidoiwamapanama.com\/wp-content\/uploads\/2016\/07\/cropped-CIMG5365-1024x768_.jpg",1015,247,false],"post_slider_layout_square_large":["https:\/\/aikidoiwamapanama.com\/wp-content\/uploads\/2016\/07\/cropped-CIMG5365-1024x768_.jpg",1015,247,false],"post_slider_layout_landscape":["https:\/\/aikidoiwamapanama.com\/wp-content\/uploads\/2016\/07\/cropped-CIMG5365-1024x768_.jpg",600,146,false],"post_slider_layout_portrait":["https:\/\/aikidoiwamapanama.com\/wp-content\/uploads\/2016\/07\/cropped-CIMG5365-1024x768_.jpg",600,146,false],"post_slider_layout_square":["https:\/\/aikidoiwamapanama.com\/wp-content\/uploads\/2016\/07\/cropped-CIMG5365-1024x768_.jpg",600,146,false],"full":["https:\/\/aikidoiwamapanama.com\/wp-content\/uploads\/2016\/07\/cropped-CIMG5365-1024x768_.jpg",1015,247,false]},"_links":{"self":[{"href":"https:\/\/aikidoiwamapanama.com\/index.php?rest_route=\/wp\/v2\/pages\/176","targetHints":{"allow":["GET"]}}],"collection":[{"href":"https:\/\/aikidoiwamapanama.com\/index.php?rest_route=\/wp\/v2\/pages"}],"about":[{"href":"https:\/\/aikidoiwamapanama.com\/index.php?rest_route=\/wp\/v2\/types\/page"}],"author":[{"embeddable":true,"href":"https:\/\/aikidoiwamapanama.com\/index.php?rest_route=\/wp\/v2\/users\/2"}],"replies":[{"embeddable":true,"href":"https:\/\/aikidoiwamapanama.com\/index.php?rest_route=%2Fwp%2Fv2%2Fcomments&post=176"}],"version-history":[{"count":14,"href":"https:\/\/aikidoiwamapanama.com\/index.php?rest_route=\/wp\/v2\/pages\/176\/revisions"}],"predecessor-version":[{"id":893,"href":"https:\/\/aikidoiwamapanama.com\/index.php?rest_route=\/wp\/v2\/pages\/176\/revisions\/893"}],"wp:featuredmedia":[{"embeddable":true,"href":"https:\/\/aikidoiwamapanama.com\/index.php?rest_route=\/wp\/v2\/media\/24"}],"wp:attachment":[{"href":"https:\/\/aikidoiwamapanama.com\/index.php?rest_route=%2Fwp%2Fv2%2Fmedia&parent=176"}],"curies":[{"name":"wp","href":"https:\/\/api.w.org\/{rel}","templated":true}]}}