{"id":322,"date":"2017-01-22T20:23:12","date_gmt":"2017-01-22T20:23:12","guid":{"rendered":"http:\/\/aikidoiwamapanama.com\/?page_id=322"},"modified":"2017-02-03T15:10:30","modified_gmt":"2017-02-03T15:10:30","slug":"saito-hitohira-sensei","status":"publish","type":"page","link":"https:\/\/aikidoiwamapanama.com\/?page_id=322","title":{"rendered":"SAITO Hitohira Sensei"},"content":{"rendered":"<p><img loading=\"lazy\" decoding=\"async\" class=\" wp-image-323 alignleft\" src=\"http:\/\/aikidoiwamapanama.com\/wp-content\/uploads\/2017\/01\/Saito_6-300x209.jpg\" alt=\"\" width=\"261\" height=\"182\" srcset=\"https:\/\/aikidoiwamapanama.com\/wp-content\/uploads\/2017\/01\/Saito_6-300x209.jpg 300w, https:\/\/aikidoiwamapanama.com\/wp-content\/uploads\/2017\/01\/Saito_6-600x418.jpg 600w, https:\/\/aikidoiwamapanama.com\/wp-content\/uploads\/2017\/01\/Saito_6-768x534.jpg 768w, https:\/\/aikidoiwamapanama.com\/wp-content\/uploads\/2017\/01\/Saito_6-619x431.jpg 619w, https:\/\/aikidoiwamapanama.com\/wp-content\/uploads\/2017\/01\/Saito_6.jpg 960w\" sizes=\"auto, (max-width: 261px) 100vw, 261px\" \/><img loading=\"lazy\" decoding=\"async\" class=\"wp-image-326 alignleft\" src=\"http:\/\/aikidoiwamapanama.com\/wp-content\/uploads\/2017\/01\/H.Saito_2-300x199.jpg\" alt=\"\" width=\"285\" height=\"189\" srcset=\"https:\/\/aikidoiwamapanama.com\/wp-content\/uploads\/2017\/01\/H.Saito_2-300x199.jpg 300w, https:\/\/aikidoiwamapanama.com\/wp-content\/uploads\/2017\/01\/H.Saito_2-600x399.jpg 600w, https:\/\/aikidoiwamapanama.com\/wp-content\/uploads\/2017\/01\/H.Saito_2-768x510.jpg 768w, https:\/\/aikidoiwamapanama.com\/wp-content\/uploads\/2017\/01\/H.Saito_2-619x411.jpg 619w, https:\/\/aikidoiwamapanama.com\/wp-content\/uploads\/2017\/01\/H.Saito_2.jpg 900w\" sizes=\"auto, (max-width: 285px) 100vw, 285px\" \/><\/p>\n<p>&nbsp;<\/p>\n<p>&nbsp;<\/p>\n<p>&nbsp;<\/p>\n<p>&nbsp;<\/p>\n<p>&nbsp;<\/p>\n<p>&nbsp;<\/p>\n<p>Hitohira Saito Sensei, naci\u00f3 el 12 de febrero 1957, en Iwama, Prefectura de Ibaraki, Jap\u00f3n. \u00danico hijo y sucesor de Morihiro Saito Sensei y de Sata Saito. A la edad de siete a\u00f1os, O\u2019 Sensei, Morihei Ueshiba, Fundador del Aikido, le permite comenzar a entrenar. El entrenamiento vigoroso y riguroso que ha llevado desde temprana edad, le han convertido en uno de los instructores de Aikido, m\u00e1s vigorosos y eficaces del mundo.<\/p>\n<p>Se entren\u00f3 con O\u2019 Sensei, hasta que \u00e9ste se retir\u00f3 de manera definitiva a Tokio, en los \u00faltimos meses de su vida. Continu\u00f3 entrenando con su padre, Morihiro Saito por m\u00e1s de treinta a\u00f1os. Ten\u00eda nueve a\u00f1os, recuerda, instru\u00eda durante el jiyu keiko (entrenamientos libres despu\u00e9s de la clase de aikido), a los cinturones negros que ven\u00edan de Tokio y que por no entrenar con el Fundador, no ten\u00edan la habilidad de seguir y repetir su t\u00e9cnica.<\/p>\n<p>Hitohira Saito Sensei, estudi\u00f3 cocina en Osaka y tambi\u00e9n en la ciudad de Sendai. All\u00ed tambi\u00e9n pudo entrenar con grandes maestros como Abe Seiseki Shihan y Hansawa Shihan, de Osaka y Sendai respectivamente. Abe Sensei (fallecido el 18 de Mayo, 2011), fue el maestro de caligraf\u00eda del Fundador y tambi\u00e9n de Hitohira Sensei.<\/p>\n<p>Al concluir sus estudios, vuelve a Iwama y abre un restaurante. Tiempo despu\u00e9s, a solicitud de su padre, Morihiro Sensei, deja su profesi\u00f3n de chef, para dedicarle m\u00e1s tiempo al Aikido. Hitohira Saito Sensei tambi\u00e9n se destaca por ser un excelente cal\u00edgrafo, pintor y un escultor tradicional. Sus m\u00e1scaras y cabezas de leones, Shishi, son muy famosas y utilizadas en festivales tradicionales japoneses. En el a\u00f1o 2000, motivado por su padre, Morihiro Saito Sensei, construye su dojo personal, inaugur\u00e1ndolo el 16 de julio del 2000, con el nombre de Tanrenkan. Desde a\u00f1os antes de fallecer su padre, tambi\u00e9n se hace cargo del dojo del Fundador. Con la muerte de Morihiro Saito Sensei, Hitohira Sensei continu\u00f3 gobernando el dojo del Fundador y el templo de Aikido, sirviendo a la familia Ueshiba, representada por la organizaci\u00f3n Aikikai.<\/p>\n<p>En febrero del a\u00f1o 2004, por diferencias con la organizaci\u00f3n Aikikai, forma su propia organizaci\u00f3n, llamada Iwama Shin Shin Aikishurenkai, con la finalidad de difundir el Aikido originario del Fundador, y preservado por Morihiro Saito Sensei.\u00a0\u00a0 Hitohira Saito Sensei constituye su dojo central (Honbu Dojo) en el Tarenkan. Hitohira Sensei, en la actualidad, adem\u00e1s de ense\u00f1ar en todo Jap\u00f3n, viaja con frecuencia para impartir seminarios internacionales en diversas parte del mundo.<\/p>\n<h6><strong>Fuente: Asociaci\u00f3n<\/strong> <strong>Portuguesa Aikishurendojo<\/strong><\/h6>\n<p><strong>\u00a0<\/strong><\/p>\n<p>&nbsp;<\/p>\n<p>&nbsp;<\/p>\n","protected":false},"excerpt":{"rendered":"<p>&nbsp; &nbsp; &nbsp; &nbsp; &nbsp; &nbsp; Hitohira Saito Sensei, naci\u00f3 el 12 de febrero 1957, en Iwama, Prefectura de Ibaraki, Jap\u00f3n. \u00danico hijo y sucesor de Morihiro Saito Sensei y de Sata Saito. A la edad de siete a\u00f1os, O\u2019 Sensei, Morihei Ueshiba, Fundador del Aikido, le permite comenzar a entrenar. El entrenamiento vigoroso y [&hellip;]<\/p>\n","protected":false},"author":2,"featured_media":0,"parent":0,"menu_order":0,"comment_status":"closed","ping_status":"closed","template":"","meta":{"_regular_price":[],"currency_symbol":[],"footnotes":""},"class_list":["post-322","page","type-page","status-publish","hentry"],"post_slider_layout_featured_media_urls":{"thumbnail":"","post_slider_layout_landscape_large":"","post_slider_layout_portrait_large":"","post_slider_layout_square_large":"","post_slider_layout_landscape":"","post_slider_layout_portrait":"","post_slider_layout_square":"","full":""},"_links":{"self":[{"href":"https:\/\/aikidoiwamapanama.com\/index.php?rest_route=\/wp\/v2\/pages\/322","targetHints":{"allow":["GET"]}}],"collection":[{"href":"https:\/\/aikidoiwamapanama.com\/index.php?rest_route=\/wp\/v2\/pages"}],"about":[{"href":"https:\/\/aikidoiwamapanama.com\/index.php?rest_route=\/wp\/v2\/types\/page"}],"author":[{"embeddable":true,"href":"https:\/\/aikidoiwamapanama.com\/index.php?rest_route=\/wp\/v2\/users\/2"}],"replies":[{"embeddable":true,"href":"https:\/\/aikidoiwamapanama.com\/index.php?rest_route=%2Fwp%2Fv2%2Fcomments&post=322"}],"version-history":[{"count":11,"href":"https:\/\/aikidoiwamapanama.com\/index.php?rest_route=\/wp\/v2\/pages\/322\/revisions"}],"predecessor-version":[{"id":341,"href":"https:\/\/aikidoiwamapanama.com\/index.php?rest_route=\/wp\/v2\/pages\/322\/revisions\/341"}],"wp:attachment":[{"href":"https:\/\/aikidoiwamapanama.com\/index.php?rest_route=%2Fwp%2Fv2%2Fmedia&parent=322"}],"curies":[{"name":"wp","href":"https:\/\/api.w.org\/{rel}","templated":true}]}}