{"id":374,"date":"2018-03-11T21:10:35","date_gmt":"2018-03-11T21:10:35","guid":{"rendered":"http:\/\/aikidoiwamapanama.com\/?page_id=374"},"modified":"2025-09-06T18:29:52","modified_gmt":"2025-09-06T18:29:52","slug":"etiqueta","status":"publish","type":"page","link":"https:\/\/aikidoiwamapanama.com\/?page_id=374","title":{"rendered":"Etiqueta y Normas de Conducta en el dojo"},"content":{"rendered":"<h4><strong><u>La Etiqueta en el Aikido<\/u><\/strong><\/h4>\n<p style=\"text-align: justify;\"><span style=\"color: #000000;\">Aikido no es un deporte, no es competitivo. Es una disciplina, un proceso educacional para entrenar la mente, el cuerpo y el esp\u00edritu. La t\u00e9cnica f\u00edsica no es el verdadero objeto, sino una herramienta para el refinamiento personal y el crecimiento espiritual.<\/span><\/p>\n<p style=\"text-align: justify;\" align=\"justify\"><span style=\"color: #000000;\">Un dojo de Aikido no es un gimnasio. Es un lugar donde se estudian las ense\u00f1anzas del Gran Maestro Morihei Ueshiba. No es un lugar para el despliegue del propio ego, sino un lugar para elevar y limpiar el cuerpo, la mente y el esp\u00edritu.<\/span><\/p>\n<p style=\"text-align: justify;\" align=\"justify\"><span style=\"color: #000000;\">El dojo funciona de una manera estricta, siguiendo reglas de conducta tradicionales y cuyo esp\u00edritu viene directamente del Fundador del Aikido O\u00b4Sensei Morihei Ueshiba.<\/span><\/p>\n<p style=\"text-align: justify;\" align=\"justify\"><span style=\"color: #000000;\">Es responsabilidad de cada practicante seguir esas ense\u00f1anzas con honor y sinceridad y cooperar en la creaci\u00f3n de una atm\u00f3sfera positiva de armon\u00eda y respeto mutuo. La correcta actitud de respeto, sinceridad y modestia, y la atm\u00f3sfera apropiada son esenciales para el proceso de aprendizaje; y como Aikido es un arte marcial, esenciales para la seguridad de cada individuo.<\/span><\/p>\n<p align=\"justify\">\n<h4 style=\"text-align: justify;\" align=\"center\"><span style=\"color: #000000;\"><strong><span style=\"text-decoration: underline;\">Normas de Conducta en el Dojo<\/span><\/strong><\/span><\/h4>\n<p style=\"text-align: justify;\" align=\"justify\"><span style=\"color: #000000;\">Aunque las normas de conducta var\u00edan de un Dojo a otro, existen reglas generales, como las que se describen a continuaci\u00f3n, que deben ser practicadas por todo aikidoka:<\/span><\/p>\n<ol style=\"text-align: justify;\">\n<li><span style=\"color: #000000;\">Al entrar y salir del Dojo salude hacia el frente en direcci\u00f3n al retrato de O\u00b4Senesi, proceda de igual forma al entrar y salir del tatami.<\/span><\/li>\n<li><span style=\"color: #000000;\">No use calzado en el tatami.<\/span><\/li>\n<li><span style=\"color: #000000;\">Al entrar deje su calzado, con el lado de los dedos hacia fuera. Salude haciendo inclinaci\u00f3n de la cabeza estando de pie (<i>Ritsu Rei<\/i>).<\/span><\/li>\n<li><span style=\"color: #000000;\">Sea puntual. Los estudiantes deben estar sentados y alineados en posici\u00f3n seiza antes que el instructor comience la clase. Si llega tarde, si\u00e9ntese en seiza al lado del tatami hasta que se le d\u00e9 permiso de entrar y unirse a la clase.<\/span><\/li>\n<li><span style=\"color: #000000;\">Durante la clase puede sentarse en posici\u00f3n seiza o con las piernas cruzadas cuando se haga necesario. Al sentarse no le d\u00e9 la espalda al retrato de O\u00b4Sensei.<\/span><\/li>\n<li><span style=\"color: #000000;\">No practique con sortijas, reloj u otras prendas. Puede lastimar o ser lastimado con ellas<\/span><\/li>\n<li><span style=\"color: #000000;\">No coma, no tome bebidas ni mastique goma de mascar en el Dojo.<\/span><\/li>\n<li><span style=\"color: #000000;\">Mantenga las u\u00f1as de los pies y manos limpias y cortas.<\/span><\/li>\n<li><span style=\"color: #000000;\">Evite las conversaciones. Cuando hable durante la pr\u00e1ctica que sea para aclarar alguna duda sobre lo que se est\u00e9 ense\u00f1ando. Mant\u00e9ngase atento al instructor.<\/span><\/li>\n<li><span style=\"color: #000000;\">Si tiene dudas con alguna t\u00e9cnica, trate de encontrarla primero, observe a sus compa\u00f1eros y si contin\u00faa con la duda, ac\u00e9rquese al instructor en un momento adecuado y pregunte.<\/span><\/li>\n<li><span style=\"color: #000000;\">Siga las indicaciones del instructor y no haga esperar a la clase.<\/span><\/li>\n<li><span style=\"color: #000000;\">Sea cort\u00e9s y cuidadoso al aplicar las t\u00e9cnicas a sus compa\u00f1eros de pr\u00e1ctica.<\/span><\/li>\n<li><span style=\"color: #000000;\">Recuerde que est\u00e1 en la clase para aprender, sea humilde y atento a lo que se ense\u00f1a. Cuando sea corregido y reciba ayuda del instructor sal\u00fadelo en forma cort\u00e9s.<\/span><\/li>\n<li><span style=\"color: #000000;\">Mantenga su uniforme (<i>Keikogi<\/i>), en buen estado, y libre de olores ofensivos.<\/span><\/li>\n<li><span style=\"color: #000000;\">Cuando se cambie de ropa h\u00e1galo solo en las \u00e1reas designadas, nunca en el tatami.<\/span><\/li>\n<li><span style=\"color: #000000;\">Si el instructor est\u00e1 ayudando a un estudiante al lado suyo, detenga su pr\u00e1ctica para que se disponga del espacio adecuado. Preste atenci\u00f3n sin conversar.<\/span><\/li>\n<li><span style=\"color: #000000;\">Sea puntual en el pago de su mensualidad.<\/span><\/li>\n<\/ol>\n<p style=\"text-align: justify;\" align=\"justify\"><span style=\"color: #000000;\">Cada alumno debe contribuir a la creaci\u00f3n de una atm\u00f3sfera positiva, de armon\u00eda y respeto; deben cuidar el dojo y mantenerlo limpio, para el bienestar de todos. Hay que respetar la ense\u00f1anza, la filosof\u00eda del fundador y la manera en que el Sensei las transmite. En cursos con otros maestros, se tiene que respetar las maneras en que cada maestro transmite el Aikido, no existe una forma aut\u00e9ntica y otra no v\u00e1lida. El Aikido hay que utilizarlo de forma constructiva, nunca al servicio del ego, o de forma destructiva.<\/span><\/p>\n<p style=\"text-align: justify;\" align=\"justify\"><span style=\"color: #000000;\">Lo que se ha visto en las l\u00edneas anteriores es la forma correcta, seg\u00fan la tradici\u00f3n japonesa, de comportarse en Aikido o en las otras artes marciales (Karate, Judo, Jiujutsu, etc.). Por lo tanto hay que tenerlo en cuenta a la hora de entrar en el dojo.<\/span><\/p>\n","protected":false},"excerpt":{"rendered":"<p>La Etiqueta en el Aikido Aikido no es un deporte, no es competitivo. Es una disciplina, un proceso educacional para entrenar la mente, el cuerpo y el esp\u00edritu. La t\u00e9cnica f\u00edsica no es el verdadero objeto, sino una herramienta para el refinamiento personal y el crecimiento espiritual. Un dojo de Aikido no es un gimnasio. [&hellip;]<\/p>\n","protected":false},"author":2,"featured_media":0,"parent":0,"menu_order":0,"comment_status":"closed","ping_status":"closed","template":"","meta":{"_regular_price":[],"currency_symbol":[],"footnotes":""},"class_list":["post-374","page","type-page","status-publish","hentry"],"post_slider_layout_featured_media_urls":{"thumbnail":"","post_slider_layout_landscape_large":"","post_slider_layout_portrait_large":"","post_slider_layout_square_large":"","post_slider_layout_landscape":"","post_slider_layout_portrait":"","post_slider_layout_square":"","full":""},"_links":{"self":[{"href":"https:\/\/aikidoiwamapanama.com\/index.php?rest_route=\/wp\/v2\/pages\/374","targetHints":{"allow":["GET"]}}],"collection":[{"href":"https:\/\/aikidoiwamapanama.com\/index.php?rest_route=\/wp\/v2\/pages"}],"about":[{"href":"https:\/\/aikidoiwamapanama.com\/index.php?rest_route=\/wp\/v2\/types\/page"}],"author":[{"embeddable":true,"href":"https:\/\/aikidoiwamapanama.com\/index.php?rest_route=\/wp\/v2\/users\/2"}],"replies":[{"embeddable":true,"href":"https:\/\/aikidoiwamapanama.com\/index.php?rest_route=%2Fwp%2Fv2%2Fcomments&post=374"}],"version-history":[{"count":4,"href":"https:\/\/aikidoiwamapanama.com\/index.php?rest_route=\/wp\/v2\/pages\/374\/revisions"}],"predecessor-version":[{"id":916,"href":"https:\/\/aikidoiwamapanama.com\/index.php?rest_route=\/wp\/v2\/pages\/374\/revisions\/916"}],"wp:attachment":[{"href":"https:\/\/aikidoiwamapanama.com\/index.php?rest_route=%2Fwp%2Fv2%2Fmedia&parent=374"}],"curies":[{"name":"wp","href":"https:\/\/api.w.org\/{rel}","templated":true}]}}