{"id":382,"date":"2018-03-11T21:17:50","date_gmt":"2018-03-11T21:17:50","guid":{"rendered":"http:\/\/aikidoiwamapanama.com\/?page_id=382"},"modified":"2025-09-06T18:13:03","modified_gmt":"2025-09-06T18:13:03","slug":"contacto","status":"publish","type":"page","link":"https:\/\/aikidoiwamapanama.com\/?page_id=382","title":{"rendered":"Contacto"},"content":{"rendered":"<p><strong>DOJO No. 1:<\/strong><\/p>\n<p>Direcci\u00f3n: sal\u00f3n de Artes\u00a0Marciales en el Gimnasio de la Universidad de Panam\u00e1 (UP), v\u00eda Trans\u00edstmica, frente al Complejo de la CSS<\/p>\n<p>Contactos:\u00a0 6679-6051 \/ 6792-9784<\/p>\n<p>Horarios de clases:\u00a0 martes y jueves (6:00 p.m.) y s\u00e1bados (9:00 a.m.)<\/p>\n\n\n<p>correo electr\u00f3nico: aikidoiwamapanama@gmail<\/p>\n\n\n\n<p>Facebook: facebook.com\/Aikido Iwama Panama dojo<\/p>\n\n\n\n<p>Instagram: @aikido_iwama_panama_dojo<\/p>\n\n\n\n<figure><iframe loading=\"lazy\" src=\"https:\/\/www.google.com\/maps\/embed?pb=!1m18!1m12!1m3!1d31525.358064825756!2d-79.53605508494122!3d9.002503741978076!2m3!1f0!2f0!3f0!3m2!1i1024!2i768!4f13.1!3m3!1m2!1s0x8faca94c784f7ddf%3A0x22b17b8586d25f05!2sAikido+Iwama+Ryu+dojo+Panam%C3%A1!5e0!3m2!1sen!2spa!4v1544193703585\" width=\"600\" height=\"450\" frameborder=\"0\" style=\"border:0\" allowfullscreen=\"\"><\/iframe><\/figure>\n\n\n<p><strong>DOJO No. 2<\/strong>:\u00a0 Shibu dojo Aikido Iwama Panam\u00e1<\/p>\n<p>Direcci\u00f3n: dojo Bustos (Plaza C\u00f3rdoba, Local #1, v\u00eda Fernandez de C\u00f3rdoba)<\/p>\n<p>Contacto:\u00a0 6679-6051<\/p>\n\n\n<p>Horarios: mi\u00e9rcoles y s\u00e1bados<\/p>\n\n\n\n<p>Facebook:  facebook.com\/Shibu dojo Aikido Iwama Panama<\/p>\n\n\n\n<figure><iframe loading=\"lazy\" style=\"border: 0;\" src=\"https:\/\/www.google.com\/maps\/embed?pb=!1m18!1m12!1m3!1d4686.273139634683!2d-79.52114828874711!3d9.002455476760096!2m3!1f0!2f0!3f0!3m2!1i1024!2i768!4f13.1!3m3!1m2!1s0x8faca9d88629b73b%3A0x6de83e3ce06cee2c!2sAikido+Iwama+Panam%C3%A1+(Shibu+dojo)!5e0!3m2!1sen!2spa!4v1544193562388\" width=\"600\" height=\"450\" frameborder=\"0\" allowfullscreen=\"allowfullscreen\"><\/iframe><\/figure>\n\n\n\n[wpforms id=\u00bb587&#8243; title=\u00bbfalse\u00bb description=\u00bbfalse\u00bb]\n","protected":false},"excerpt":{"rendered":"<p>DOJO No. 1: Direcci\u00f3n: sal\u00f3n de Artes\u00a0Marciales en el Gimnasio de la Universidad de Panam\u00e1 (UP), v\u00eda Trans\u00edstmica, frente al Complejo de la CSS Contactos:\u00a0 6679-6051 \/ 6792-9784 Horarios de clases:\u00a0 martes y jueves (6:00 p.m.) y s\u00e1bados (9:00 a.m.) correo electr\u00f3nico: aikidoiwamapanama@gmail Facebook: facebook.com\/Aikido Iwama Panama dojo Instagram: @aikido_iwama_panama_dojo DOJO No. 2:\u00a0 Shibu dojo [&hellip;]<\/p>\n","protected":false},"author":2,"featured_media":0,"parent":0,"menu_order":0,"comment_status":"closed","ping_status":"closed","template":"","meta":{"_regular_price":[],"currency_symbol":[],"footnotes":""},"class_list":["post-382","page","type-page","status-publish","hentry"],"post_slider_layout_featured_media_urls":{"thumbnail":"","post_slider_layout_landscape_large":"","post_slider_layout_portrait_large":"","post_slider_layout_square_large":"","post_slider_layout_landscape":"","post_slider_layout_portrait":"","post_slider_layout_square":"","full":""},"_links":{"self":[{"href":"https:\/\/aikidoiwamapanama.com\/index.php?rest_route=\/wp\/v2\/pages\/382","targetHints":{"allow":["GET"]}}],"collection":[{"href":"https:\/\/aikidoiwamapanama.com\/index.php?rest_route=\/wp\/v2\/pages"}],"about":[{"href":"https:\/\/aikidoiwamapanama.com\/index.php?rest_route=\/wp\/v2\/types\/page"}],"author":[{"embeddable":true,"href":"https:\/\/aikidoiwamapanama.com\/index.php?rest_route=\/wp\/v2\/users\/2"}],"replies":[{"embeddable":true,"href":"https:\/\/aikidoiwamapanama.com\/index.php?rest_route=%2Fwp%2Fv2%2Fcomments&post=382"}],"version-history":[{"count":34,"href":"https:\/\/aikidoiwamapanama.com\/index.php?rest_route=\/wp\/v2\/pages\/382\/revisions"}],"predecessor-version":[{"id":906,"href":"https:\/\/aikidoiwamapanama.com\/index.php?rest_route=\/wp\/v2\/pages\/382\/revisions\/906"}],"wp:attachment":[{"href":"https:\/\/aikidoiwamapanama.com\/index.php?rest_route=%2Fwp%2Fv2%2Fmedia&parent=382"}],"curies":[{"name":"wp","href":"https:\/\/api.w.org\/{rel}","templated":true}]}}