{"id":466,"date":"2018-04-15T17:30:43","date_gmt":"2018-04-15T17:30:43","guid":{"rendered":"http:\/\/aikidoiwamapanama.com\/?page_id=466"},"modified":"2018-04-15T22:20:46","modified_gmt":"2018-04-15T22:20:46","slug":"seminario-panama-2017","status":"publish","type":"page","link":"https:\/\/aikidoiwamapanama.com\/?page_id=466","title":{"rendered":"Seminario Panam\u00e1 2017"},"content":{"rendered":"<p><strong>SAITO Hitohira Sensei in Panama &#8211; June 2017<\/strong><\/p>\n<p>Por: Luis A. Henr\u00edquez, Aikido Iwama Panam\u00e1<\/p>\n<p>Por primera vez Hitohira Saito Sensei visit\u00f3 Panam\u00e1 para dictar el Seminario Internacional los d\u00edas 23, 24 y 25 de junio de 2017.\u00a0 Junto con Saito Sensei tambi\u00e9n vino para asistir en el entrenamiento y en las traducciones maestro Trist\u00e3o DaCunha de Portugal.\u00a0 Fue un gran honor para la organizaci\u00f3n Panama Aikido Dento Iwama Ryu (Asociaci\u00f3n Cultural de Aikido y Budo) ser anfitriones del Seminario Internacional con Hitohira Saito Sensei.<\/p>\n<p>El Seminario se llev\u00f3 a cabo en el gimnasio de la Autoridad del Canal de Panam\u00e1 en el \u00e1rea de Balboa, muy cercano a la entrada del Canal de Panam\u00e1.\u00a0 Un gran grupo de aikidokas de distintos pa\u00edses se hicieron presentes:\u00a0 Portugal, Chile, Uruguay, Brasil, Colombia, Costa Rica, Rep\u00fablica Dominicana, M\u00e9xico, Cuba, USA y Panam\u00e1 (para un total de 11 pa\u00edses).\u00a0 Una gran emoci\u00f3n se sinti\u00f3 por la realizaci\u00f3n de este evento, todos estaban ansiosos de recibir ense\u00f1anzas de Saito Sensei!!!<\/p>\n<p>Sensei lleg\u00f3 a ciudad de Panam\u00e1 el mi\u00e9rcoles 21 de junio.\u00a0 Al d\u00eda siguiente se realiz\u00f3 una visita a la comunidad ind\u00edgena Ember\u00e1 a orillas del r\u00edo Chagres en Gamboa.\u00a0 Sensei disfrut\u00f3 mucho descubrir y conocer esta comunidad originaria de Panam\u00e1 que mantiene a\u00fan sus costumbres y cultura tradicionales. \u00a0El mismo d\u00eda en horas de la tarde se visitaron las esclusas de Miraflores en el Canal de Panam\u00e1, donde se pudo observar de cerca el tr\u00e1nsito de buques.\u00a0 Sensei tuvo la oportunidad de accionar y dar la orden para la apertura de las compuertas en las esclusas para dar paso al buque que realizaba su tr\u00e1nsito del oc\u00e9ano Atl\u00e1ntico al oc\u00e9ano Pac\u00edfico.<\/p>\n<p>El viernes 23 de junio se dio inici\u00f3 al Seminario.\u00a0 Sensei realiz\u00f3 una introducci\u00f3n donde explic\u00f3 detalles sobre la filosof\u00eda del Aikido Iwama.\u00a0 Tambi\u00e9n sobre la posici\u00f3n correcta del hanmi y las distintas posiciones que se utilizan.\u00a0 La relaci\u00f3n entre el Taijutsu y el Bukijutsu.\u00a0 Ese d\u00eda se realizaron 2 keiko, iniciando con Bukiwaza: Sensei explic\u00f3 paso a paso con atenci\u00f3n al detalle de los suburi de bokken del 1 al 7, Happo giri, Go no Awase, Roku no Awase, Sichi no Awase; Kumitachi No. 2 (incluyendo dos t\u00e9cnicas Henka) y el Kumitachi No. 4.<\/p>\n<p>El s\u00e1bado 24 de junio se realizaron 4 keiko. Se estudi\u00f3 intensamente con el Jo, Roku no Jo kata y kumi Jo.\u00a0 Posteriormente Sensei pas\u00f3 a explicar detalles sobre el tai no henko, tai no henko ki no nagare y morote dori kokyu ho.\u00a0 Se realizaron t\u00e9cnicas de nikkyo, sankyo, kokyu nage, shiho nage y Jo dori.<\/p>\n<p>Al finalizar el entrenamiento del s\u00e1bado se dio inicio a los ex\u00e1menes de grado.<\/p>\n<p>&nbsp;<\/p>\n<figure id=\"attachment_469\" aria-describedby=\"caption-attachment-469\" style=\"width: 660px\" class=\"wp-caption aligncenter\"><img loading=\"lazy\" decoding=\"async\" class=\"wp-image-469 size-large\" src=\"http:\/\/aikidoiwamapanama.com\/wp-content\/uploads\/2018\/04\/IMG_2494-editado-1024x768.jpg\" alt=\"\" width=\"660\" height=\"495\" srcset=\"https:\/\/aikidoiwamapanama.com\/wp-content\/uploads\/2018\/04\/IMG_2494-editado-1024x768.jpg 1024w, https:\/\/aikidoiwamapanama.com\/wp-content\/uploads\/2018\/04\/IMG_2494-editado-600x450.jpg 600w, https:\/\/aikidoiwamapanama.com\/wp-content\/uploads\/2018\/04\/IMG_2494-editado-300x225.jpg 300w, https:\/\/aikidoiwamapanama.com\/wp-content\/uploads\/2018\/04\/IMG_2494-editado-768x576.jpg 768w, https:\/\/aikidoiwamapanama.com\/wp-content\/uploads\/2018\/04\/IMG_2494-editado-619x464.jpg 619w\" sizes=\"auto, (max-width: 660px) 100vw, 660px\" \/><figcaption id=\"caption-attachment-469\" class=\"wp-caption-text\">Seminario AIKIDO Panam\u00e1 junio 2017<\/figcaption><\/figure>\n<p>En la noche del s\u00e1bado se realiz\u00f3 un agasajo\/cena en homenaje a Sensei en donde todos los participantes pudieron saludar a Sensei, entregar regalos, conversar y pasar un momento ameno, y en donde se respiraba una buena vibra entre una gran Familia.\u00a0 Los organizadores del evento entregaron un regalo a Sensei, el obsequio fue una mola confeccionada por una ind\u00edgena de la etnia Guna Yala.<\/p>\n<p>&nbsp;<\/p>\n<figure id=\"attachment_470\" aria-describedby=\"caption-attachment-470\" style=\"width: 660px\" class=\"wp-caption aligncenter\"><img loading=\"lazy\" decoding=\"async\" class=\"wp-image-470 size-large\" src=\"http:\/\/aikidoiwamapanama.com\/wp-content\/uploads\/2018\/04\/IMG_2573-1024x768.jpg\" alt=\"\" width=\"660\" height=\"495\" srcset=\"https:\/\/aikidoiwamapanama.com\/wp-content\/uploads\/2018\/04\/IMG_2573-1024x768.jpg 1024w, https:\/\/aikidoiwamapanama.com\/wp-content\/uploads\/2018\/04\/IMG_2573-600x450.jpg 600w, https:\/\/aikidoiwamapanama.com\/wp-content\/uploads\/2018\/04\/IMG_2573-300x225.jpg 300w, https:\/\/aikidoiwamapanama.com\/wp-content\/uploads\/2018\/04\/IMG_2573-768x576.jpg 768w, https:\/\/aikidoiwamapanama.com\/wp-content\/uploads\/2018\/04\/IMG_2573-619x464.jpg 619w, https:\/\/aikidoiwamapanama.com\/wp-content\/uploads\/2018\/04\/IMG_2573.jpg 1280w\" sizes=\"auto, (max-width: 660px) 100vw, 660px\" \/><figcaption id=\"caption-attachment-470\" class=\"wp-caption-text\">Cena en agasajo a Saito Hitohira Sensei, en Restaurante Pencas, Amador<\/figcaption><\/figure>\n<p>El tercer d\u00eda del Seminario inici\u00f3 con el keiko especial (Ki Musubi no Tachi y demostraci\u00f3n de Nukisashi).\u00a0 Luego se continu\u00f3 con Taijutsu, haciendo \u00e9nfasis en el tai no henko y morote dori kokyu ho, luego se ense\u00f1aron distintas variaciones de iriminage, kotegaeshi y ni nin dori.\u00a0 Sensei hizo mucho \u00e9nfasis en el entrenamiento intenso que se debe realizar, se debe trabajar mucho en el balance correcto de Shite y en el desbalance de Uke.\u00a0 El Aikido no se detiene y hay que continuar su estudio.<\/p>\n<p>Fue un honor poder tener a Sensei en Panam\u00e1, al igual poder contar con el maestro Trist\u00e3o. Gracias Sensei por todas sus ense\u00f1anzas y dejar su legado del Aikido Iwama en Panam\u00e1, que es el Aikido del Fundador O\u00b4Sensei.\u00a0 La organizaci\u00f3n Panam\u00e1 Aikido Dento Iwama Ryu (Asociaci\u00f3n Cultural de Aikido y Budo, Aikido Tradicional &#8211; ACAB) desea agradecer a Sensei por su gran disposici\u00f3n, humildad y por estar siempre abierto a ense\u00f1arnos muchos detalles, basado siempre en las premisas de O\u00b4Sensei.\u00a0 Sensei hizo mucho \u00e9nfasis en que debemos siempre mirar la t\u00e9cnica de O\u00b4Sensei, siempre seguir entrenando, estudiando y mejorando.\u00a0 Sin lugar a dudas y en palabras de Sensei, el Aikido sirve para acercar a los seres humanos, debemos siempre buscar ser una gran Familia.<\/p>\n<p>Arigatou gozaimashita Sensei!<\/p>\n<p>Ver fotos en Facebook aqu\u00ed:\u00a0<a href=\"https:\/\/www.facebook.com\/media\/set\/?set=a.1490236524377094.1073741840.159798750754218&amp;type=1&amp;l=f50317b560\">facebook.com\/Panama Aikido Dento Iwama Ryu<\/a><\/p>\n<p>&nbsp;<\/p>\n<p><img loading=\"lazy\" decoding=\"async\" class=\"aligncenter wp-image-472 size-large\" src=\"http:\/\/aikidoiwamapanama.com\/wp-content\/uploads\/2018\/04\/Comite-Organizador_2017-1024x768.jpg\" alt=\"\" width=\"660\" height=\"495\" srcset=\"https:\/\/aikidoiwamapanama.com\/wp-content\/uploads\/2018\/04\/Comite-Organizador_2017.jpg 1024w, https:\/\/aikidoiwamapanama.com\/wp-content\/uploads\/2018\/04\/Comite-Organizador_2017-600x450.jpg 600w, https:\/\/aikidoiwamapanama.com\/wp-content\/uploads\/2018\/04\/Comite-Organizador_2017-300x225.jpg 300w, https:\/\/aikidoiwamapanama.com\/wp-content\/uploads\/2018\/04\/Comite-Organizador_2017-768x576.jpg 768w, https:\/\/aikidoiwamapanama.com\/wp-content\/uploads\/2018\/04\/Comite-Organizador_2017-619x464.jpg 619w\" sizes=\"auto, (max-width: 660px) 100vw, 660px\" \/>Comit\u00e9 Organizador del seminario SAITO Sensei en Panam\u00e1 (en la foto):<\/p>\n<p>Betzy Henr\u00edquez, Carlos Montenegro, Gustavo Oglivie, Jos\u00e9 Morcillo, Otilia Arroyo (dojo Cho), Luis A. Henr\u00edquez, Francisco Rouse, Patricia Goldberg (todos miembros de Aikido Iwama Panama dojo)<\/p>\n","protected":false},"excerpt":{"rendered":"<p>SAITO Hitohira Sensei in Panama &#8211; June 2017 Por: Luis A. Henr\u00edquez, Aikido Iwama Panam\u00e1 Por primera vez Hitohira Saito Sensei visit\u00f3 Panam\u00e1 para dictar el Seminario Internacional los d\u00edas 23, 24 y 25 de junio de 2017.\u00a0 Junto con Saito Sensei tambi\u00e9n vino para asistir en el entrenamiento y en las traducciones maestro Trist\u00e3o [&hellip;]<\/p>\n","protected":false},"author":2,"featured_media":0,"parent":0,"menu_order":0,"comment_status":"closed","ping_status":"closed","template":"","meta":{"_regular_price":[],"currency_symbol":[],"footnotes":""},"class_list":["post-466","page","type-page","status-publish","hentry"],"post_slider_layout_featured_media_urls":{"thumbnail":"","post_slider_layout_landscape_large":"","post_slider_layout_portrait_large":"","post_slider_layout_square_large":"","post_slider_layout_landscape":"","post_slider_layout_portrait":"","post_slider_layout_square":"","full":""},"_links":{"self":[{"href":"https:\/\/aikidoiwamapanama.com\/index.php?rest_route=\/wp\/v2\/pages\/466","targetHints":{"allow":["GET"]}}],"collection":[{"href":"https:\/\/aikidoiwamapanama.com\/index.php?rest_route=\/wp\/v2\/pages"}],"about":[{"href":"https:\/\/aikidoiwamapanama.com\/index.php?rest_route=\/wp\/v2\/types\/page"}],"author":[{"embeddable":true,"href":"https:\/\/aikidoiwamapanama.com\/index.php?rest_route=\/wp\/v2\/users\/2"}],"replies":[{"embeddable":true,"href":"https:\/\/aikidoiwamapanama.com\/index.php?rest_route=%2Fwp%2Fv2%2Fcomments&post=466"}],"version-history":[{"count":4,"href":"https:\/\/aikidoiwamapanama.com\/index.php?rest_route=\/wp\/v2\/pages\/466\/revisions"}],"predecessor-version":[{"id":476,"href":"https:\/\/aikidoiwamapanama.com\/index.php?rest_route=\/wp\/v2\/pages\/466\/revisions\/476"}],"wp:attachment":[{"href":"https:\/\/aikidoiwamapanama.com\/index.php?rest_route=%2Fwp%2Fv2%2Fmedia&parent=466"}],"curies":[{"name":"wp","href":"https:\/\/api.w.org\/{rel}","templated":true}]}}