{"id":501,"date":"2018-11-16T16:12:07","date_gmt":"2018-11-16T16:12:07","guid":{"rendered":"http:\/\/aikidoiwamapanama.com\/?page_id=501"},"modified":"2025-09-11T20:05:18","modified_gmt":"2025-09-11T20:05:18","slug":"que-es-aikido-iwama","status":"publish","type":"page","link":"https:\/\/aikidoiwamapanama.com\/?page_id=501","title":{"rendered":"Aikido Iwama"},"content":{"rendered":"\n<p class=\"has-small-font-size\"><\/p>\n\n\n<h3><strong>Qu\u00e9 es el AIKIDO?<br \/><\/strong><\/h3>\n<p>\u00a0<\/p>\n<p>Es un arte marcial\u00a0japon\u00e9s\u00a0desarrollado por el maestro\u00a0Morihei\u00a0Ueshiba\u00a0(conocido tambi\u00e9n como\u00a0O\u00b4Sensei\u00a0que significa Gran Maestro), a principios del siglo XX.\u00a0\u00a0Surge como resultado del estudio de diversas artes como el\u202fKen (espada), Jo (bast\u00f3n), Yari (lanza),\u00a0Naginata\u00a0(alabarda), el\u00a0Juken\u00a0(bayoneta) y el\u00a0Taijutsu\u00a0(combate sin armas, con las manos\u00a0vac\u00edas )\u00a0que realiz\u00f3 el maestro\u00a0Ueshiba\u00a0de forma intensa\u00a0durante\u00a0toda su vida.<\/p>\n<p>El Aikido enfatiza el desarrollo espiritual del individuo a trav\u00e9s de la adquisici\u00f3n de habilidades para la\u00a0auto-defensa.\u00a0\u00a0De acuerdo con la filosof\u00eda del fundador,\u00a0Morihei\u00a0Ueshiba, el objetivo del Aikido es unir a las personas en una \u201cgran familia global\u201d.\u00a0\u00a0\u00a0<\/p>\n<p>Idealmente, ante una situaci\u00f3n de conflicto f\u00edsico, el practicante o\u00a0aikidoka\u00a0experimentado utilizar\u00e1 s\u00f3lo la cantidad necesaria de energ\u00eda para neutralizar el ataque, intentando evitar herir al atacante.\u00a0\u00a0El Aikido no se focaliza en\u00a0golpear o patear al oponente, sino en utilizar su propia energ\u00eda para ganar control sobre \u00e9l o arrojarlo lejos de uno. No es un arte est\u00e1tico, pone gran \u00e9nfasis en el movimiento y la din\u00e1mica del mismo.\u00a0 El Aikido es un arte marcial altamente efectivo, no competitivo.\u00a0<\/p>\n<p>El Aikido practicado en la forma tradicional, como lo ense\u00f1\u00f3 su fundador\u00a0Morihei\u00a0Ueshiba, mantiene una posici\u00f3n firme y con un\u00a0\u00e9nfasis\u00a0en lo marcial. Las t\u00e9cnicas se aplican firmemente, pero sin una intenci\u00f3n violenta.<\/p>\n<p>\u00a0<\/p>\n<h3>El Aikido Tradicional de\u00a0Iwama\u00a0(Dento\u00a0Iwama\u00a0Ryu).\u00a0<\/h3>\n<p><!-- \/wp:post-content --> <!-- wp:paragraph --><\/p>\n<p>En su evoluci\u00f3n el Aikido conoce varias etapas, una de ellas, es la madurada por Morihei Ueshiba en la d\u00e9cada de los a\u00f1os 30 y hasta 1942, a\u00f1o donde comienzan las primeras referencias al arte practicado por O\u2019Sensei como \u201cAikido\u201d. Durante este tiempo, en la efervescencia de la Segunda Guerra Mundial, el fundador se muda a Iwama (poblado localizado a unos 98 kil\u00f3metros al norte de Tokio). \u00a0All\u00ed en Iwama, la intensa pr\u00e1ctica le lleva a alcanzar un nivel de perfecci\u00f3n tal que, se le reconoce como el principal artista marcial de su \u00e9poca, sin duda un hombre dotado de facultades excepcionales.\u00a0<\/p>\n<p><!-- \/wp:paragraph --> <!-- wp:paragraph --><\/p>\n<p>El Aikido conoce as\u00ed, en la etapa de la Post-guerra, una expansi\u00f3n en todo el Jap\u00f3n.\u00a0\u00a0O\u2019Sensei viaja permanentemente e impone la norma de ir a entrenar a Iwama las armas Aiki (jo y bokken). Por esto, mientras en Tokio y otras provincias solo se entrenaba principalmente las t\u00e9cnicas de manos\u00a0 libres (cuerpo a cuerpo), en el Dojo de Iwama los niveles y la intensidad de la pr\u00e1ctica que inclu\u00eda el estudio de las armas, lo diferencia a tal punto que la forma de entrenamiento de este Dojo le merece el calificativo de Iwama Ryu (la forma de Iwama).<\/p>\n<p>\u00a0<\/p>\n<h3>Aikido Iwama Ryu\u00a0<\/h3>\n<p>Iwama Shinshin Aiki Shuren Kai (ISSASK) (Shin Shin Aiki Juku) o conocido tambi\u00e9n como Shinshin Aikido, es una organizaci\u00f3n sin fines de lucro fundada en el a\u00f1o 2004 por SAITO Hirohira Jukucho (cabeza o jefe de escuela), hijo de SAITO Morihiro Shihan (maestro \u00a0jefe). \u00a0quien sirvi\u00f3 a su mentor, Morihei Ueshiba, O\u2019 Sensei, el fundador del Aikido, como su disc\u00edpulo directo por 24 a\u00f1os.<\/p>\n<p>El Aikido Iwama se enfoca en la pr\u00e1ctica de <em>kihon<\/em>, para luego poder entrenar t\u00e9cnicas en movimiento (<em>ki no nagare)<\/em>.\u00a0 Incluye entrenamiento de Taijutsu y Bukijutsu (bokken y Jo). Sin el estudio de Bukijutsu el Aikido no tiene sentido, las bases est\u00e1n en este entrenamiento y de esta forma lograr un entrenamiento del Taijutsu preciso y eficaz, sin aperturas en la t\u00e9cnica.<\/p>\n<p>La sede principal de Iwama Shinshin Aikido est\u00e1 localizada en el poblado de Iwama en la Prefectura de Ibaraki, Jap\u00f3n.<\/p>","protected":false},"excerpt":{"rendered":"<p>Qu\u00e9 es el AIKIDO? \u00a0 Es un arte marcial\u00a0japon\u00e9s\u00a0desarrollado por el maestro\u00a0Morihei\u00a0Ueshiba\u00a0(conocido tambi\u00e9n como\u00a0O\u00b4Sensei\u00a0que significa Gran Maestro), a principios del siglo XX.\u00a0\u00a0Surge como resultado del estudio de diversas artes como el\u202fKen (espada), Jo (bast\u00f3n), Yari (lanza),\u00a0Naginata\u00a0(alabarda), el\u00a0Juken\u00a0(bayoneta) y el\u00a0Taijutsu\u00a0(combate sin armas, con las manos\u00a0vac\u00edas )\u00a0que realiz\u00f3 el maestro\u00a0Ueshiba\u00a0de forma intensa\u00a0durante\u00a0toda su vida. El Aikido enfatiza [&hellip;]<\/p>\n","protected":false},"author":2,"featured_media":14,"parent":0,"menu_order":0,"comment_status":"closed","ping_status":"closed","template":"","meta":{"_regular_price":[],"currency_symbol":[],"footnotes":""},"class_list":["post-501","page","type-page","status-publish","has-post-thumbnail","hentry"],"post_slider_layout_featured_media_urls":{"thumbnail":["https:\/\/aikidoiwamapanama.com\/wp-content\/uploads\/2016\/07\/CL756203-150x150.jpg",150,150,true],"post_slider_layout_landscape_large":["https:\/\/aikidoiwamapanama.com\/wp-content\/uploads\/2016\/07\/CL756203-e1542835506353.jpg",100,101,false],"post_slider_layout_portrait_large":["https:\/\/aikidoiwamapanama.com\/wp-content\/uploads\/2016\/07\/CL756203-e1542835506353.jpg",100,101,false],"post_slider_layout_square_large":["https:\/\/aikidoiwamapanama.com\/wp-content\/uploads\/2016\/07\/CL756203-e1542835506353.jpg",100,101,false],"post_slider_layout_landscape":["https:\/\/aikidoiwamapanama.com\/wp-content\/uploads\/2016\/07\/CL756203-e1542835506353.jpg",100,101,false],"post_slider_layout_portrait":["https:\/\/aikidoiwamapanama.com\/wp-content\/uploads\/2016\/07\/CL756203-e1542835506353.jpg",100,101,false],"post_slider_layout_square":["https:\/\/aikidoiwamapanama.com\/wp-content\/uploads\/2016\/07\/CL756203-e1542835506353.jpg",100,101,false],"full":["https:\/\/aikidoiwamapanama.com\/wp-content\/uploads\/2016\/07\/CL756203-e1542835506353.jpg",100,101,false]},"_links":{"self":[{"href":"https:\/\/aikidoiwamapanama.com\/index.php?rest_route=\/wp\/v2\/pages\/501","targetHints":{"allow":["GET"]}}],"collection":[{"href":"https:\/\/aikidoiwamapanama.com\/index.php?rest_route=\/wp\/v2\/pages"}],"about":[{"href":"https:\/\/aikidoiwamapanama.com\/index.php?rest_route=\/wp\/v2\/types\/page"}],"author":[{"embeddable":true,"href":"https:\/\/aikidoiwamapanama.com\/index.php?rest_route=\/wp\/v2\/users\/2"}],"replies":[{"embeddable":true,"href":"https:\/\/aikidoiwamapanama.com\/index.php?rest_route=%2Fwp%2Fv2%2Fcomments&post=501"}],"version-history":[{"count":15,"href":"https:\/\/aikidoiwamapanama.com\/index.php?rest_route=\/wp\/v2\/pages\/501\/revisions"}],"predecessor-version":[{"id":993,"href":"https:\/\/aikidoiwamapanama.com\/index.php?rest_route=\/wp\/v2\/pages\/501\/revisions\/993"}],"wp:featuredmedia":[{"embeddable":true,"href":"https:\/\/aikidoiwamapanama.com\/index.php?rest_route=\/wp\/v2\/media\/14"}],"wp:attachment":[{"href":"https:\/\/aikidoiwamapanama.com\/index.php?rest_route=%2Fwp%2Fv2%2Fmedia&parent=501"}],"curies":[{"name":"wp","href":"https:\/\/api.w.org\/{rel}","templated":true}]}}